{"id":53,"date":"2024-05-23T10:53:42","date_gmt":"2024-05-23T08:53:42","guid":{"rendered":"https:\/\/jb-box79.fr\/?page_id=53"},"modified":"2024-06-27T17:44:27","modified_gmt":"2024-06-27T15:44:27","slug":"accueil","status":"publish","type":"page","link":"https:\/\/www.jb-box79.fr\/","title":{"rendered":"Accueil"},"content":{"rendered":"\n<div class=\"wp-block-columns container is-layout-flex wp-container-core-columns-is-layout-28f84493 wp-block-columns-is-layout-flex\">\n<div class=\"wp-block-column col-md-5 is-layout-flow wp-block-column-is-layout-flow\">\n<div style=\"height:55px\" aria-hidden=\"true\" class=\"wp-block-spacer\"><\/div>\n<\/div>\n\n\n\n<div class=\"wp-block-column col-md-6 col-md-offset1 is-layout-flow wp-block-column-is-layout-flow\">\n<div style=\"height:55px\" aria-hidden=\"true\" class=\"wp-block-spacer\"><\/div>\n\n\n\n<p><\/p>\n<\/div>\n<\/div>\n","protected":false},"excerpt":{"rendered":"","protected":false},"author":1,"featured_media":110,"parent":0,"menu_order":0,"comment_status":"closed","ping_status":"closed","template":"","meta":{"_seopress_robots_primary_cat":"","_seopress_titles_title":"JB-BOX 79 NIORT location de box, garde meubles","_seopress_titles_desc":"JB-BOX 79 NIORT loue box de stockage, garde-meubles pour particuliers et professionnels sur site s\u00e9curis\u00e9 Bessines adapt\u00e9 \u00e0 vos besoins rangement","_seopress_robots_index":"","footnotes":""},"class_list":["post-53","page","type-page","status-publish","has-post-thumbnail","hentry"],"_links":{"self":[{"href":"https:\/\/www.jb-box79.fr\/index.php\/wp-json\/wp\/v2\/pages\/53","targetHints":{"allow":["GET"]}}],"collection":[{"href":"https:\/\/www.jb-box79.fr\/index.php\/wp-json\/wp\/v2\/pages"}],"about":[{"href":"https:\/\/www.jb-box79.fr\/index.php\/wp-json\/wp\/v2\/types\/page"}],"author":[{"embeddable":true,"href":"https:\/\/www.jb-box79.fr\/index.php\/wp-json\/wp\/v2\/users\/1"}],"replies":[{"embeddable":true,"href":"https:\/\/www.jb-box79.fr\/index.php\/wp-json\/wp\/v2\/comments?post=53"}],"version-history":[{"count":3,"href":"https:\/\/www.jb-box79.fr\/index.php\/wp-json\/wp\/v2\/pages\/53\/revisions"}],"predecessor-version":[{"id":250,"href":"https:\/\/www.jb-box79.fr\/index.php\/wp-json\/wp\/v2\/pages\/53\/revisions\/250"}],"wp:featuredmedia":[{"embeddable":true,"href":"https:\/\/www.jb-box79.fr\/index.php\/wp-json\/wp\/v2\/media\/110"}],"wp:attachment":[{"href":"https:\/\/www.jb-box79.fr\/index.php\/wp-json\/wp\/v2\/media?parent=53"}],"curies":[{"name":"wp","href":"https:\/\/api.w.org\/{rel}","templated":true}]}}