{"id":223,"date":"2024-06-17T17:34:50","date_gmt":"2024-06-17T15:34:50","guid":{"rendered":"https:\/\/jb-box79.fr\/?page_id=223"},"modified":"2024-06-18T15:04:40","modified_gmt":"2024-06-18T13:04:40","slug":"mentions-legales","status":"publish","type":"page","link":"https:\/\/www.jb-box79.fr\/index.php\/mentions-legales\/","title":{"rendered":"Mentions l\u00e9gales"},"content":{"rendered":"\n<h2 class=\"wp-block-heading\">Propri\u00e9taire du site : SCI LES OLIVIERS<\/h2>\n\n\n\n<p>SCI LES OLIVIERS est une SCI, soci\u00e9t\u00e9 civile immobili\u00e8re enregistr\u00e9e sous le num\u00e9ro 882 275 431au R.C.S. Niort au capital de 150,00 \u20ac.<\/p>\n\n\n\n<ul class=\"wp-block-list\">\n<li>Adresse : ZA Charconnay &#8211; 79270 Saint-Symphorien<\/li>\n\n\n\n<li>T\u00e9l\u00e9phone : 06 66 80 15 98<\/li>\n\n\n\n<li>Mail : jbbox79@hotmail.com<\/li>\n\n\n\n<li>Responsable de la publication : Mme BARANGER<\/li>\n<\/ul>\n\n\n\n<h2 class=\"wp-block-heading\">H\u00e9bergement du site de SCI LES OLIVIERS<\/h2>\n\n\n\n<p>Ce site internet est h\u00e9berg\u00e9 par OVH situ\u00e9 2 rue Kellermann 59100 Roubaix.<\/p>\n\n\n\n<h2 class=\"wp-block-heading\">Donn\u00e9es personnelles<\/h2>\n\n\n\n<p>Toute reproduction, repr\u00e9sentation, modification, publication, adaptation de tout ou partie des \u00e9l\u00e9ments du site, quel que soit le moyen ou le proc\u00e9d\u00e9 utilis\u00e9, est interdite, sauf autorisation \u00e9crite pr\u00e9alable de SCI LES OLIVIERS.<\/p>\n\n\n\n<p>Vous pouvez acc\u00e9der aux informations vous concernant en vous adressant \u00e0 : jbbox79@hotmail.com.<\/p>\n\n\n\n<p>Toute exploitation non autoris\u00e9e du site ou de l\u2019un quelconque des \u00e9l\u00e9ments qu\u2019il contient sera consid\u00e9r\u00e9e comme constitutive d\u2019une contrefa\u00e7on et poursuivie conform\u00e9ment aux dispositions des articles L.335-2 et suivants du Code de Propri\u00e9t\u00e9 Intellectuelle.&nbsp;<\/p>\n\n\n\n<h2 class=\"wp-block-heading\">Limitations de responsabilit\u00e9<\/h2>\n\n\n\n<p id=\"mentionslegales\">SCI LES OLIVIERS ne pourra \u00eatre tenue responsable des dommages directs et indirects caus\u00e9s au mat\u00e9riel de l\u2019utilisateur, lors de l\u2019acc\u00e8s au site https:\/\/www.jb-box79.fr\/, ni de l\u2019apparition d\u2019un bug ou d\u2019une incompatibilit\u00e9. De plus, l\u2019utilisateur du site s\u2019engage \u00e0 acc\u00e9der au site en utilisant un mat\u00e9riel r\u00e9cent, ne contenant pas de virus et avec un navigateur de derni\u00e8re g\u00e9n\u00e9ration mis-\u00e0-jour.<\/p>\n\n\n\n<p>SCI LES OLIVIERS ne pourra \u00e9galement \u00eatre tenue responsable des dommages indirects (tels par exemple qu\u2019une perte de march\u00e9 ou perte d\u2019une chance) cons\u00e9cutifs \u00e0 l\u2019utilisation du site <a href=\"https:\/\/www.jb-box79.fr\">https:\/\/www.jb-box79.fr<\/a><\/p>\n\n\n\n<p>SCI LES OLIVIERS se r\u00e9serve le droit de supprimer, sans mise en demeure pr\u00e9alable, tout contenu d\u00e9pos\u00e9 dans cet espace qui contreviendrait \u00e0 la l\u00e9gislation applicable en France, en particulier aux dispositions relatives \u00e0 la protection des donn\u00e9es. Le cas \u00e9ch\u00e9ant, SCI LES OLIVIERS se r\u00e9serve \u00e9galement la possibilit\u00e9 de mettre en cause la responsabilit\u00e9 civile et\/ou p\u00e9nale de l\u2019utilisateur, notamment en cas de message \u00e0 caract\u00e8re raciste, injurieux, diffamant, ou pornographique, quel que soit le support utilis\u00e9 (texte, photographie\u2026).<\/p>\n","protected":false},"excerpt":{"rendered":"<p>Propri\u00e9taire du site : SCI LES OLIVIERS SCI LES OLIVIERS est une SCI, soci\u00e9t\u00e9 civile immobili\u00e8re enregistr\u00e9e sous le num\u00e9ro 882 275 431au R.C.S. Niort au capital de 150,00 \u20ac. H\u00e9bergement du site de SCI LES OLIVIERS Ce site internet est h\u00e9berg\u00e9 par OVH situ\u00e9 2 rue Kellermann 59100 Roubaix. Donn\u00e9es personnelles Toute reproduction, repr\u00e9sentation, [&hellip;]<\/p>\n","protected":false},"author":1,"featured_media":0,"parent":0,"menu_order":0,"comment_status":"closed","ping_status":"closed","template":"","meta":{"_seopress_robots_primary_cat":"","_seopress_titles_title":"","_seopress_titles_desc":"","_seopress_robots_index":"","footnotes":""},"class_list":["post-223","page","type-page","status-publish","hentry"],"_links":{"self":[{"href":"https:\/\/www.jb-box79.fr\/index.php\/wp-json\/wp\/v2\/pages\/223","targetHints":{"allow":["GET"]}}],"collection":[{"href":"https:\/\/www.jb-box79.fr\/index.php\/wp-json\/wp\/v2\/pages"}],"about":[{"href":"https:\/\/www.jb-box79.fr\/index.php\/wp-json\/wp\/v2\/types\/page"}],"author":[{"embeddable":true,"href":"https:\/\/www.jb-box79.fr\/index.php\/wp-json\/wp\/v2\/users\/1"}],"replies":[{"embeddable":true,"href":"https:\/\/www.jb-box79.fr\/index.php\/wp-json\/wp\/v2\/comments?post=223"}],"version-history":[{"count":3,"href":"https:\/\/www.jb-box79.fr\/index.php\/wp-json\/wp\/v2\/pages\/223\/revisions"}],"predecessor-version":[{"id":229,"href":"https:\/\/www.jb-box79.fr\/index.php\/wp-json\/wp\/v2\/pages\/223\/revisions\/229"}],"wp:attachment":[{"href":"https:\/\/www.jb-box79.fr\/index.php\/wp-json\/wp\/v2\/media?parent=223"}],"curies":[{"name":"wp","href":"https:\/\/api.w.org\/{rel}","templated":true}]}}